{"id":7107,"date":"2022-07-18T10:22:32","date_gmt":"2022-07-18T08:22:32","guid":{"rendered":"https:\/\/rennerlabel.agentur360-preview.de\/solutions-for-krones-machines\/upgrade-and-retrofit\/"},"modified":"2022-09-09T11:50:41","modified_gmt":"2022-09-09T09:50:41","slug":"upgrade-and-retrofit","status":"publish","type":"page","link":"https:\/\/www.renner-label.de\/en\/solutions-for-krones-machines\/upgrade-and-retrofit\/","title":{"rendered":"Upgrade and retrofit"},"content":{"rendered":"\t\t<div data-elementor-type=\"wp-page\" data-elementor-id=\"7107\" class=\"elementor elementor-7107\" data-elementor-post-type=\"page\">\n\t\t\t\t\t\t<section class=\"elementor-section elementor-top-section elementor-element elementor-element-00cc4f9 elementor-section-full_width elementor-section-content-middle elementor-section-height-min-height elementor-section-items-stretch elementor-section-height-default\" data-id=\"00cc4f9\" data-element_type=\"section\">\n\t\t\t\t\t\t<div class=\"elementor-container elementor-column-gap-wider\">\n\t\t\t\t\t<div class=\"elementor-column elementor-col-50 elementor-top-column elementor-element elementor-element-c9f1a6d\" data-id=\"c9f1a6d\" data-element_type=\"column\" data-settings=\"{&quot;background_background&quot;:&quot;classic&quot;}\">\n\t\t\t<div class=\"elementor-widget-wrap elementor-element-populated\">\n\t\t\t\t\t\t<div class=\"elementor-element elementor-element-fad6726 elementor-invisible elementor-widget elementor-widget-heading\" data-id=\"fad6726\" data-element_type=\"widget\" data-settings=\"{&quot;_animation&quot;:&quot;fadeInLeft&quot;}\" data-widget_type=\"heading.default\">\n\t\t\t\t<div class=\"elementor-widget-container\">\n\t\t\t<span class=\"elementor-heading-title elementor-size-default\">Upgrade and retrofit<\/span>\t\t<\/div>\n\t\t\t\t<\/div>\n\t\t\t\t<div class=\"elementor-element elementor-element-7534ca8 elementor-invisible elementor-widget elementor-widget-heading\" data-id=\"7534ca8\" data-element_type=\"widget\" data-settings=\"{&quot;_animation&quot;:&quot;fadeInLeft&quot;}\" data-widget_type=\"heading.default\">\n\t\t\t\t<div class=\"elementor-widget-container\">\n\t\t\t<h1 class=\"elementor-heading-title elementor-size-default\">Revamping <br>\nKrones machines<\/h1>\t\t<\/div>\n\t\t\t\t<\/div>\n\t\t\t\t<div class=\"elementor-element elementor-element-51f31fb elementor-invisible elementor-widget elementor-widget-text-editor\" data-id=\"51f31fb\" data-element_type=\"widget\" data-settings=\"{&quot;_animation&quot;:&quot;fadeInLeft&quot;}\" data-widget_type=\"text-editor.default\">\n\t\t\t\t<div class=\"elementor-widget-container\">\n\t\t\t\t\t\t\t<p>Do you need to respond to new trends on the market using your existing Krones machine? Perhaps a RENNER upgrade or retrofit is the right solution.<\/p>\n<ul>\n<li>Short-term modernization for new framework conditions<\/li>\n<li>State-of-the-art technology, contemporary enhancements<\/li>\n<li>Minimum investment, maximum productivity<\/li>\n<\/ul>\n\t\t\t\t\t\t<\/div>\n\t\t\t\t<\/div>\n\t\t\t\t<div class=\"elementor-element elementor-element-1986927 elementor-align-left elementor-widget__width-auto elementor-absolute elementor-invisible elementor-widget elementor-widget-lottie\" data-id=\"1986927\" data-element_type=\"widget\" data-settings=\"{&quot;source_json&quot;:{&quot;url&quot;:&quot;https:\\\/\\\/www.renner-label.de\\\/wp-content\\\/uploads\\\/2021\\\/11\\\/lf30_editor_rq04drmz.json&quot;,&quot;id&quot;:855,&quot;size&quot;:&quot;&quot;,&quot;alt&quot;:&quot;&quot;,&quot;source&quot;:&quot;library&quot;},&quot;link_to&quot;:&quot;custom&quot;,&quot;custom_link&quot;:{&quot;url&quot;:&quot;#upgrade&quot;,&quot;is_external&quot;:&quot;&quot;,&quot;nofollow&quot;:&quot;&quot;,&quot;custom_attributes&quot;:&quot;&quot;},&quot;loop&quot;:&quot;yes&quot;,&quot;play_speed&quot;:{&quot;unit&quot;:&quot;px&quot;,&quot;size&quot;:1.5,&quot;sizes&quot;:[]},&quot;_animation&quot;:&quot;fadeIn&quot;,&quot;_animation_delay&quot;:600,&quot;_position&quot;:&quot;absolute&quot;,&quot;source&quot;:&quot;media_file&quot;,&quot;caption_source&quot;:&quot;none&quot;,&quot;trigger&quot;:&quot;arriving_to_viewport&quot;,&quot;viewport&quot;:{&quot;unit&quot;:&quot;%&quot;,&quot;size&quot;:&quot;&quot;,&quot;sizes&quot;:{&quot;start&quot;:0,&quot;end&quot;:100}},&quot;start_point&quot;:{&quot;unit&quot;:&quot;%&quot;,&quot;size&quot;:0,&quot;sizes&quot;:[]},&quot;end_point&quot;:{&quot;unit&quot;:&quot;%&quot;,&quot;size&quot;:100,&quot;sizes&quot;:[]},&quot;renderer&quot;:&quot;svg&quot;}\" data-widget_type=\"lottie.default\">\n\t\t\t\t<div class=\"elementor-widget-container\">\n\t\t\t<a class=\"e-lottie__container__link\" href=\"#upgrade\"><div class=\"e-lottie__container\"><div class=\"e-lottie__animation\"><\/div><\/div><\/a>\t\t<\/div>\n\t\t\t\t<\/div>\n\t\t\t\t\t<\/div>\n\t\t<\/div>\n\t\t\t\t<div class=\"elementor-column elementor-col-50 elementor-top-column elementor-element elementor-element-132db0b\" data-id=\"132db0b\" data-element_type=\"column\" data-settings=\"{&quot;background_background&quot;:&quot;classic&quot;}\">\n\t\t\t<div class=\"elementor-widget-wrap elementor-element-populated\">\n\t\t\t\t\t\t<div class=\"elementor-element elementor-element-5aec7aa elementor-widget elementor-widget-spacer\" data-id=\"5aec7aa\" data-element_type=\"widget\" data-widget_type=\"spacer.default\">\n\t\t\t\t<div class=\"elementor-widget-container\">\n\t\t\t\t\t<div class=\"elementor-spacer\">\n\t\t\t<div class=\"elementor-spacer-inner\"><\/div>\n\t\t<\/div>\n\t\t\t\t<\/div>\n\t\t\t\t<\/div>\n\t\t\t\t\t<\/div>\n\t\t<\/div>\n\t\t\t\t\t<\/div>\n\t\t<\/section>\n\t\t\t\t<section class=\"elementor-section elementor-top-section elementor-element elementor-element-ec436bc elementor-section-content-middle elementor-section-boxed elementor-section-height-default elementor-section-height-default\" data-id=\"ec436bc\" data-element_type=\"section\" id=\"upgrade\" data-settings=\"{&quot;background_background&quot;:&quot;gradient&quot;}\">\n\t\t\t\t\t\t<div class=\"elementor-container elementor-column-gap-wider\">\n\t\t\t\t\t<div class=\"elementor-column elementor-col-50 elementor-top-column elementor-element elementor-element-78e8c09 elementor-invisible\" data-id=\"78e8c09\" data-element_type=\"column\" data-settings=\"{&quot;animation&quot;:&quot;fadeInLeft&quot;,&quot;background_background&quot;:&quot;classic&quot;}\">\n\t\t\t<div class=\"elementor-widget-wrap elementor-element-populated\">\n\t\t\t\t\t\t<div class=\"elementor-element elementor-element-2e38e9b elementor-widget elementor-widget-heading\" data-id=\"2e38e9b\" data-element_type=\"widget\" data-widget_type=\"heading.default\">\n\t\t\t\t<div class=\"elementor-widget-container\">\n\t\t\t<h3 class=\"elementor-heading-title elementor-size-default\">Our range of services<\/h3>\t\t<\/div>\n\t\t\t\t<\/div>\n\t\t\t\t<div class=\"elementor-element elementor-element-37008a5 elementor-widget-divider--view-line elementor-widget elementor-widget-divider\" data-id=\"37008a5\" data-element_type=\"widget\" data-widget_type=\"divider.default\">\n\t\t\t\t<div class=\"elementor-widget-container\">\n\t\t\t\t\t<div class=\"elementor-divider\">\n\t\t\t<span class=\"elementor-divider-separator\">\n\t\t\t\t\t\t<\/span>\n\t\t<\/div>\n\t\t\t\t<\/div>\n\t\t\t\t<\/div>\n\t\t\t\t<div class=\"elementor-element elementor-element-74caec9 elementor-widget elementor-widget-text-editor\" data-id=\"74caec9\" data-element_type=\"widget\" data-widget_type=\"text-editor.default\">\n\t\t\t\t<div class=\"elementor-widget-container\">\n\t\t\t\t\t\t\t<ul>\n<li><strong>Replacing components<\/strong> that are outdated or no longer available as replacement parts<\/li>\n<li><strong>Retrofitting automation and control technology<\/strong><\/li>\n<li><strong>Fittings and modification parts for<\/strong> new product designs<\/li>\n<li><strong>Renew bottle table,<\/strong> incl. control cams (construction, manufacture and installation)<\/li>\n<li><strong>Installing the latest RENNER technology<\/strong><\/li>\n<li><strong>Hot adhesive update:<\/strong> Spray or roller gluing<\/li>\n<li><strong>Compliance upgrade<\/strong> to current safety regulations (machine, safety equipment)<\/li>\n<\/ul>\n\t\t\t\t\t\t<\/div>\n\t\t\t\t<\/div>\n\t\t\t\t\t<\/div>\n\t\t<\/div>\n\t\t\t\t<div class=\"elementor-column elementor-col-50 elementor-top-column elementor-element elementor-element-f8209c0 elementor-invisible\" data-id=\"f8209c0\" data-element_type=\"column\" data-settings=\"{&quot;animation&quot;:&quot;fadeInRight&quot;,&quot;background_background&quot;:&quot;classic&quot;}\">\n\t\t\t<div class=\"elementor-widget-wrap elementor-element-populated\">\n\t\t\t\t\t\t<div class=\"elementor-element elementor-element-e703dde elementor-hidden-mobile elementor-widget elementor-widget-spacer\" data-id=\"e703dde\" data-element_type=\"widget\" data-widget_type=\"spacer.default\">\n\t\t\t\t<div class=\"elementor-widget-container\">\n\t\t\t\t\t<div class=\"elementor-spacer\">\n\t\t\t<div class=\"elementor-spacer-inner\"><\/div>\n\t\t<\/div>\n\t\t\t\t<\/div>\n\t\t\t\t<\/div>\n\t\t\t\t<div class=\"elementor-element elementor-element-89ed372 elementor-widget elementor-widget-heading\" data-id=\"89ed372\" data-element_type=\"widget\" data-widget_type=\"heading.default\">\n\t\t\t\t<div class=\"elementor-widget-container\">\n\t\t\t<h3 class=\"elementor-heading-title elementor-size-default\">Benefits<\/h3>\t\t<\/div>\n\t\t\t\t<\/div>\n\t\t\t\t<div class=\"elementor-element elementor-element-b9d745a elementor-widget-divider--view-line elementor-widget elementor-widget-divider\" data-id=\"b9d745a\" data-element_type=\"widget\" data-widget_type=\"divider.default\">\n\t\t\t\t<div class=\"elementor-widget-container\">\n\t\t\t\t\t<div class=\"elementor-divider\">\n\t\t\t<span class=\"elementor-divider-separator\">\n\t\t\t\t\t\t<\/span>\n\t\t<\/div>\n\t\t\t\t<\/div>\n\t\t\t\t<\/div>\n\t\t\t\t<div class=\"elementor-element elementor-element-d2ca6c4 elementor-align-left elementor-icon-list--layout-traditional elementor-list-item-link-full_width elementor-widget elementor-widget-icon-list\" data-id=\"d2ca6c4\" data-element_type=\"widget\" data-widget_type=\"icon-list.default\">\n\t\t\t\t<div class=\"elementor-widget-container\">\n\t\t\t\t\t<ul class=\"elementor-icon-list-items\">\n\t\t\t\t\t\t\t<li class=\"elementor-icon-list-item\">\n\t\t\t\t\t\t\t\t\t\t\t<span class=\"elementor-icon-list-icon\">\n\t\t\t\t\t\t\t<i aria-hidden=\"true\" class=\"fas fa-angle-right\"><\/i>\t\t\t\t\t\t<\/span>\n\t\t\t\t\t\t\t\t\t\t<span class=\"elementor-icon-list-text\">Increased productivity and efficiency<\/span>\n\t\t\t\t\t\t\t\t\t<\/li>\n\t\t\t\t\t\t\t\t<li class=\"elementor-icon-list-item\">\n\t\t\t\t\t\t\t\t\t\t\t<span class=\"elementor-icon-list-icon\">\n\t\t\t\t\t\t\t<i aria-hidden=\"true\" class=\"fas fa-angle-right\"><\/i>\t\t\t\t\t\t<\/span>\n\t\t\t\t\t\t\t\t\t\t<span class=\"elementor-icon-list-text\">Longer use thanks to low-wear materials<\/span>\n\t\t\t\t\t\t\t\t\t<\/li>\n\t\t\t\t\t\t\t\t<li class=\"elementor-icon-list-item\">\n\t\t\t\t\t\t\t\t\t\t\t<span class=\"elementor-icon-list-icon\">\n\t\t\t\t\t\t\t<i aria-hidden=\"true\" class=\"fas fa-angle-right\"><\/i>\t\t\t\t\t\t<\/span>\n\t\t\t\t\t\t\t\t\t\t<span class=\"elementor-icon-list-text\">Energy savings thanks to technical updates<\/span>\n\t\t\t\t\t\t\t\t\t<\/li>\n\t\t\t\t\t\t\t\t<li class=\"elementor-icon-list-item\">\n\t\t\t\t\t\t\t\t\t\t\t<span class=\"elementor-icon-list-icon\">\n\t\t\t\t\t\t\t<i aria-hidden=\"true\" class=\"fas fa-angle-right\"><\/i>\t\t\t\t\t\t<\/span>\n\t\t\t\t\t\t\t\t\t\t<span class=\"elementor-icon-list-text\">Conserving resources, and the environment and climate<\/span>\n\t\t\t\t\t\t\t\t\t<\/li>\n\t\t\t\t\t\t<\/ul>\n\t\t\t\t<\/div>\n\t\t\t\t<\/div>\n\t\t\t\t\t<\/div>\n\t\t<\/div>\n\t\t\t\t\t<\/div>\n\t\t<\/section>\n\t\t\t\t<section class=\"elementor-section elementor-top-section elementor-element elementor-element-b178958 elementor-section-content-middle elementor-section-boxed elementor-section-height-default elementor-section-height-default\" data-id=\"b178958\" data-element_type=\"section\">\n\t\t\t\t\t\t<div class=\"elementor-container elementor-column-gap-wider\">\n\t\t\t\t\t<div class=\"elementor-column elementor-col-100 elementor-top-column elementor-element elementor-element-bc46b51\" data-id=\"bc46b51\" data-element_type=\"column\">\n\t\t\t<div class=\"elementor-widget-wrap elementor-element-populated\">\n\t\t\t\t\t\t<div class=\"elementor-element elementor-element-44e13e9 elementor-widget elementor-widget-text-editor\" data-id=\"44e13e9\" data-element_type=\"widget\" data-widget_type=\"text-editor.default\">\n\t\t\t\t<div class=\"elementor-widget-container\">\n\t\t\t\t\t\t\t<p class=\"p1\" style=\"margin-right: 0px; margin-bottom: 6px; margin-left: 0px; font-variant-numeric: normal; font-variant-east-asian: normal; font-stretch: normal; font-size: 11px; line-height: normal; font-family: Arial;\">Krones is a registered trademark, and has no connection to Krones AG.<\/p>\n\t\t\t\t\t\t<\/div>\n\t\t\t\t<\/div>\n\t\t\t\t\t<\/div>\n\t\t<\/div>\n\t\t\t\t\t<\/div>\n\t\t<\/section>\n\t\t\t\t<\/div>\n\t\t","protected":false},"excerpt":{"rendered":"<p>Upgrade and retrofit Revamping Krones machines Do you need to respond to new trends on the market using your existing Krones machine? Perhaps a RENNER upgrade or retrofit is the right solution. Short-term modernization for new framework conditions State-of-the-art technology, contemporary enhancements Minimum investment, maximum productivity Our range of services Replacing components that are outdated [&hellip;]<\/p>\n","protected":false},"author":2,"featured_media":0,"parent":7006,"menu_order":0,"comment_status":"closed","ping_status":"closed","template":"","meta":{"_acf_changed":false,"footnotes":""},"class_list":["post-7107","page","type-page","status-publish","hentry"],"acf":[],"yoast_head":"<!-- This site is optimized with the Yoast SEO plugin v26.6 - https:\/\/yoast.com\/wordpress\/plugins\/seo\/ -->\n<title>Upgrade and retrofit - RENNER Etikettiertechnik<\/title>\n<meta name=\"description\" content=\"Upgrade and retrofit Revamping Krones machines Do you need to respond to new trends on the market using your existing Krones machine? Perhaps a RENNER\" \/>\n<meta name=\"robots\" content=\"index, follow, max-snippet:-1, max-image-preview:large, max-video-preview:-1\" \/>\n<link rel=\"canonical\" href=\"https:\/\/www.renner-label.de\/en\/solutions-for-krones-machines\/upgrade-and-retrofit\/\" \/>\n<meta property=\"og:locale\" content=\"en_US\" \/>\n<meta property=\"og:type\" content=\"article\" \/>\n<meta property=\"og:title\" content=\"Upgrade and retrofit - RENNER Etikettiertechnik\" \/>\n<meta property=\"og:description\" content=\"Upgrade and retrofit Revamping Krones machines Do you need to respond to new trends on the market using your existing Krones machine? Perhaps a RENNER\" \/>\n<meta property=\"og:url\" content=\"https:\/\/www.renner-label.de\/en\/solutions-for-krones-machines\/upgrade-and-retrofit\/\" \/>\n<meta property=\"og:site_name\" content=\"RENNER Etikettiertechnik\" \/>\n<meta property=\"article:modified_time\" content=\"2022-09-09T09:50:41+00:00\" \/>\n<meta property=\"og:image\" content=\"https:\/\/www.renner-label.de\/wp-content\/uploads\/2022\/01\/opengraph.jpg\" \/>\n\t<meta property=\"og:image:width\" content=\"1200\" \/>\n\t<meta property=\"og:image:height\" content=\"630\" \/>\n\t<meta property=\"og:image:type\" content=\"image\/jpeg\" \/>\n<meta name=\"twitter:card\" content=\"summary_large_image\" \/>\n<meta name=\"twitter:label1\" content=\"Est. reading time\" \/>\n\t<meta name=\"twitter:data1\" content=\"1 minute\" \/>\n<script type=\"application\/ld+json\" class=\"yoast-schema-graph\">{\"@context\":\"https:\/\/schema.org\",\"@graph\":[{\"@type\":\"WebPage\",\"@id\":\"https:\/\/www.renner-label.de\/en\/solutions-for-krones-machines\/upgrade-and-retrofit\/\",\"url\":\"https:\/\/www.renner-label.de\/en\/solutions-for-krones-machines\/upgrade-and-retrofit\/\",\"name\":\"Upgrade and retrofit - RENNER Etikettiertechnik\",\"isPartOf\":{\"@id\":\"https:\/\/www.renner-label.de\/#website\"},\"datePublished\":\"2022-07-18T08:22:32+00:00\",\"dateModified\":\"2022-09-09T09:50:41+00:00\",\"description\":\"Upgrade and retrofit Revamping Krones machines Do you need to respond to new trends on the market using your existing Krones machine? Perhaps a RENNER\",\"breadcrumb\":{\"@id\":\"https:\/\/www.renner-label.de\/en\/solutions-for-krones-machines\/upgrade-and-retrofit\/#breadcrumb\"},\"inLanguage\":\"en-US\",\"potentialAction\":[{\"@type\":\"ReadAction\",\"target\":[\"https:\/\/www.renner-label.de\/en\/solutions-for-krones-machines\/upgrade-and-retrofit\/\"]}]},{\"@type\":\"BreadcrumbList\",\"@id\":\"https:\/\/www.renner-label.de\/en\/solutions-for-krones-machines\/upgrade-and-retrofit\/#breadcrumb\",\"itemListElement\":[{\"@type\":\"ListItem\",\"position\":1,\"name\":\"Startseite\",\"item\":\"https:\/\/www.renner-label.de\/en\/renner-etikettiertechnik-professionelle-etikettier-loesungen-fuer-die-getraenke-und-nahrungsmittelindustrie\/\"},{\"@type\":\"ListItem\",\"position\":2,\"name\":\"Solutions for Krones machines\",\"item\":\"https:\/\/www.renner-label.de\/en\/solutions-for-krones-machines\/\"},{\"@type\":\"ListItem\",\"position\":3,\"name\":\"Upgrade and retrofit\"}]},{\"@type\":\"WebSite\",\"@id\":\"https:\/\/www.renner-label.de\/#website\",\"url\":\"https:\/\/www.renner-label.de\/\",\"name\":\"RENNER Etikettiertechnik\",\"description\":\"Professionelle Etikettier-L\u00f6sungen f\u00fcr die Getr\u00e4nke- und Nahrungsmittelindustrie\",\"publisher\":{\"@id\":\"https:\/\/www.renner-label.de\/#organization\"},\"potentialAction\":[{\"@type\":\"SearchAction\",\"target\":{\"@type\":\"EntryPoint\",\"urlTemplate\":\"https:\/\/www.renner-label.de\/?s={search_term_string}\"},\"query-input\":{\"@type\":\"PropertyValueSpecification\",\"valueRequired\":true,\"valueName\":\"search_term_string\"}}],\"inLanguage\":\"en-US\"},{\"@type\":\"Organization\",\"@id\":\"https:\/\/www.renner-label.de\/#organization\",\"name\":\"RENNER Etikettiertechnik\",\"url\":\"https:\/\/www.renner-label.de\/\",\"logo\":{\"@type\":\"ImageObject\",\"inLanguage\":\"en-US\",\"@id\":\"https:\/\/www.renner-label.de\/#\/schema\/logo\/image\/\",\"url\":\"https:\/\/www.renner-label.de\/wp-content\/uploads\/2021\/11\/renner-labelling-machines-logo.svg\",\"contentUrl\":\"https:\/\/www.renner-label.de\/wp-content\/uploads\/2021\/11\/renner-labelling-machines-logo.svg\",\"width\":1735,\"height\":1227,\"caption\":\"RENNER Etikettiertechnik\"},\"image\":{\"@id\":\"https:\/\/www.renner-label.de\/#\/schema\/logo\/image\/\"},\"sameAs\":[\"https:\/\/de.linkedin.com\/company\/renner-etikettiertechnik\"]}]}<\/script>\n<!-- \/ Yoast SEO plugin. -->","yoast_head_json":{"title":"Upgrade and retrofit - RENNER Etikettiertechnik","description":"Upgrade and retrofit Revamping Krones machines Do you need to respond to new trends on the market using your existing Krones machine? Perhaps a RENNER","robots":{"index":"index","follow":"follow","max-snippet":"max-snippet:-1","max-image-preview":"max-image-preview:large","max-video-preview":"max-video-preview:-1"},"canonical":"https:\/\/www.renner-label.de\/en\/solutions-for-krones-machines\/upgrade-and-retrofit\/","og_locale":"en_US","og_type":"article","og_title":"Upgrade and retrofit - RENNER Etikettiertechnik","og_description":"Upgrade and retrofit Revamping Krones machines Do you need to respond to new trends on the market using your existing Krones machine? Perhaps a RENNER","og_url":"https:\/\/www.renner-label.de\/en\/solutions-for-krones-machines\/upgrade-and-retrofit\/","og_site_name":"RENNER Etikettiertechnik","article_modified_time":"2022-09-09T09:50:41+00:00","og_image":[{"width":1200,"height":630,"url":"https:\/\/www.renner-label.de\/wp-content\/uploads\/2022\/01\/opengraph.jpg","type":"image\/jpeg"}],"twitter_card":"summary_large_image","twitter_misc":{"Est. reading time":"1 minute"},"schema":{"@context":"https:\/\/schema.org","@graph":[{"@type":"WebPage","@id":"https:\/\/www.renner-label.de\/en\/solutions-for-krones-machines\/upgrade-and-retrofit\/","url":"https:\/\/www.renner-label.de\/en\/solutions-for-krones-machines\/upgrade-and-retrofit\/","name":"Upgrade and retrofit - RENNER Etikettiertechnik","isPartOf":{"@id":"https:\/\/www.renner-label.de\/#website"},"datePublished":"2022-07-18T08:22:32+00:00","dateModified":"2022-09-09T09:50:41+00:00","description":"Upgrade and retrofit Revamping Krones machines Do you need to respond to new trends on the market using your existing Krones machine? Perhaps a RENNER","breadcrumb":{"@id":"https:\/\/www.renner-label.de\/en\/solutions-for-krones-machines\/upgrade-and-retrofit\/#breadcrumb"},"inLanguage":"en-US","potentialAction":[{"@type":"ReadAction","target":["https:\/\/www.renner-label.de\/en\/solutions-for-krones-machines\/upgrade-and-retrofit\/"]}]},{"@type":"BreadcrumbList","@id":"https:\/\/www.renner-label.de\/en\/solutions-for-krones-machines\/upgrade-and-retrofit\/#breadcrumb","itemListElement":[{"@type":"ListItem","position":1,"name":"Startseite","item":"https:\/\/www.renner-label.de\/en\/renner-etikettiertechnik-professionelle-etikettier-loesungen-fuer-die-getraenke-und-nahrungsmittelindustrie\/"},{"@type":"ListItem","position":2,"name":"Solutions for Krones machines","item":"https:\/\/www.renner-label.de\/en\/solutions-for-krones-machines\/"},{"@type":"ListItem","position":3,"name":"Upgrade and retrofit"}]},{"@type":"WebSite","@id":"https:\/\/www.renner-label.de\/#website","url":"https:\/\/www.renner-label.de\/","name":"RENNER Etikettiertechnik","description":"Professionelle Etikettier-L\u00f6sungen f\u00fcr die Getr\u00e4nke- und Nahrungsmittelindustrie","publisher":{"@id":"https:\/\/www.renner-label.de\/#organization"},"potentialAction":[{"@type":"SearchAction","target":{"@type":"EntryPoint","urlTemplate":"https:\/\/www.renner-label.de\/?s={search_term_string}"},"query-input":{"@type":"PropertyValueSpecification","valueRequired":true,"valueName":"search_term_string"}}],"inLanguage":"en-US"},{"@type":"Organization","@id":"https:\/\/www.renner-label.de\/#organization","name":"RENNER Etikettiertechnik","url":"https:\/\/www.renner-label.de\/","logo":{"@type":"ImageObject","inLanguage":"en-US","@id":"https:\/\/www.renner-label.de\/#\/schema\/logo\/image\/","url":"https:\/\/www.renner-label.de\/wp-content\/uploads\/2021\/11\/renner-labelling-machines-logo.svg","contentUrl":"https:\/\/www.renner-label.de\/wp-content\/uploads\/2021\/11\/renner-labelling-machines-logo.svg","width":1735,"height":1227,"caption":"RENNER Etikettiertechnik"},"image":{"@id":"https:\/\/www.renner-label.de\/#\/schema\/logo\/image\/"},"sameAs":["https:\/\/de.linkedin.com\/company\/renner-etikettiertechnik"]}]}},"_links":{"self":[{"href":"https:\/\/www.renner-label.de\/en\/wp-json\/wp\/v2\/pages\/7107","targetHints":{"allow":["GET"]}}],"collection":[{"href":"https:\/\/www.renner-label.de\/en\/wp-json\/wp\/v2\/pages"}],"about":[{"href":"https:\/\/www.renner-label.de\/en\/wp-json\/wp\/v2\/types\/page"}],"author":[{"embeddable":true,"href":"https:\/\/www.renner-label.de\/en\/wp-json\/wp\/v2\/users\/2"}],"replies":[{"embeddable":true,"href":"https:\/\/www.renner-label.de\/en\/wp-json\/wp\/v2\/comments?post=7107"}],"version-history":[{"count":0,"href":"https:\/\/www.renner-label.de\/en\/wp-json\/wp\/v2\/pages\/7107\/revisions"}],"up":[{"embeddable":true,"href":"https:\/\/www.renner-label.de\/en\/wp-json\/wp\/v2\/pages\/7006"}],"wp:attachment":[{"href":"https:\/\/www.renner-label.de\/en\/wp-json\/wp\/v2\/media?parent=7107"}],"curies":[{"name":"wp","href":"https:\/\/api.w.org\/{rel}","templated":true}]}}