{"id":7672,"date":"2021-11-04T16:24:10","date_gmt":"2021-11-04T15:24:10","guid":{"rendered":"https:\/\/rennerlabel.agentur360-preview.de\/site-notice\/"},"modified":"2022-09-09T11:50:42","modified_gmt":"2022-09-09T09:50:42","slug":"site-notice","status":"publish","type":"page","link":"https:\/\/www.renner-label.de\/en\/site-notice\/","title":{"rendered":"Site Notice"},"content":{"rendered":"\t\t<div data-elementor-type=\"wp-page\" data-elementor-id=\"7672\" class=\"elementor elementor-7672\" data-elementor-post-type=\"page\">\n\t\t\t\t\t\t<section class=\"elementor-section elementor-top-section elementor-element elementor-element-3ed2f23 elementor-section-content-middle elementor-section-boxed elementor-section-height-default elementor-section-height-default\" data-id=\"3ed2f23\" data-element_type=\"section\">\n\t\t\t\t\t\t<div class=\"elementor-container elementor-column-gap-no\">\n\t\t\t\t\t<div class=\"elementor-column elementor-col-100 elementor-top-column elementor-element elementor-element-a64a0ec\" data-id=\"a64a0ec\" data-element_type=\"column\">\n\t\t\t<div class=\"elementor-widget-wrap elementor-element-populated\">\n\t\t\t\t\t\t<div class=\"elementor-element elementor-element-a8e1ac6 elementor-widget elementor-widget-heading\" data-id=\"a8e1ac6\" data-element_type=\"widget\" data-widget_type=\"heading.default\">\n\t\t\t\t<div class=\"elementor-widget-container\">\n\t\t\t<h1 class=\"elementor-heading-title elementor-size-default\">Site Notice<\/h1>\t\t<\/div>\n\t\t\t\t<\/div>\n\t\t\t\t<div class=\"elementor-element elementor-element-a87b803 elementor-widget elementor-widget-heading\" data-id=\"a87b803\" data-element_type=\"widget\" data-widget_type=\"heading.default\">\n\t\t\t\t<div class=\"elementor-widget-container\">\n\t\t\t<h2 class=\"elementor-heading-title elementor-size-default\">Information provided according to Sec. 5 German Telemedia Act (TMG):<\/h2>\t\t<\/div>\n\t\t\t\t<\/div>\n\t\t\t\t<div class=\"elementor-element elementor-element-0f0e76f elementor-widget elementor-widget-text-editor\" data-id=\"0f0e76f\" data-element_type=\"widget\" data-widget_type=\"text-editor.default\">\n\t\t\t\t<div class=\"elementor-widget-container\">\n\t\t\t\t\t\t\t<p>RENNER Labelling Technology GmbH<br \/>Hendrik-Lorentz-Stra\u00dfe 1-5<br \/>89312 G\u00fcnzburg<\/p>\n\t\t\t\t\t\t<\/div>\n\t\t\t\t<\/div>\n\t\t\t\t<div class=\"elementor-element elementor-element-0c913c8 elementor-widget elementor-widget-heading\" data-id=\"0c913c8\" data-element_type=\"widget\" data-widget_type=\"heading.default\">\n\t\t\t\t<div class=\"elementor-widget-container\">\n\t\t\t<h2 class=\"elementor-heading-title elementor-size-default\">Represented by:<\/h2>\t\t<\/div>\n\t\t\t\t<\/div>\n\t\t\t\t<div class=\"elementor-element elementor-element-c83c69e elementor-widget elementor-widget-text-editor\" data-id=\"c83c69e\" data-element_type=\"widget\" data-widget_type=\"text-editor.default\">\n\t\t\t\t<div class=\"elementor-widget-container\">\n\t\t\t\t\t\t\t<p>Steffen Renner<\/p>\n\t\t\t\t\t\t<\/div>\n\t\t\t\t<\/div>\n\t\t\t\t<div class=\"elementor-element elementor-element-a88c3b3 elementor-widget elementor-widget-heading\" data-id=\"a88c3b3\" data-element_type=\"widget\" data-widget_type=\"heading.default\">\n\t\t\t\t<div class=\"elementor-widget-container\">\n\t\t\t<h2 class=\"elementor-heading-title elementor-size-default\">Contact<\/h2>\t\t<\/div>\n\t\t\t\t<\/div>\n\t\t\t\t<div class=\"elementor-element elementor-element-8849215 elementor-widget elementor-widget-text-editor\" data-id=\"8849215\" data-element_type=\"widget\" data-widget_type=\"text-editor.default\">\n\t\t\t\t<div class=\"elementor-widget-container\">\n\t\t\t\t\t\t\t<p>Telephone: +49 (0)82 21 \/ 36 26-0<br \/>Telefax: +49 (0)82 21 \/ 36 26-50<br \/>E-Mail: <a>info@renner-label.de<\/a><\/p>\n\t\t\t\t\t\t<\/div>\n\t\t\t\t<\/div>\n\t\t\t\t<div class=\"elementor-element elementor-element-c24a146 elementor-widget elementor-widget-heading\" data-id=\"c24a146\" data-element_type=\"widget\" data-widget_type=\"heading.default\">\n\t\t\t\t<div class=\"elementor-widget-container\">\n\t\t\t<h2 class=\"elementor-heading-title elementor-size-default\">Register entry:<\/h2>\t\t<\/div>\n\t\t\t\t<\/div>\n\t\t\t\t<div class=\"elementor-element elementor-element-96f209e elementor-widget elementor-widget-text-editor\" data-id=\"96f209e\" data-element_type=\"widget\" data-widget_type=\"text-editor.default\">\n\t\t\t\t<div class=\"elementor-widget-container\">\n\t\t\t\t\t\t\t<p>Entry in the Handelsregister.<br \/>Registering court: Amtsgericht Memmingen<br \/>Registration number: RB 14553<\/p>\n\t\t\t\t\t\t<\/div>\n\t\t\t\t<\/div>\n\t\t\t\t<div class=\"elementor-element elementor-element-cb40c00 elementor-widget elementor-widget-heading\" data-id=\"cb40c00\" data-element_type=\"widget\" data-widget_type=\"heading.default\">\n\t\t\t\t<div class=\"elementor-widget-container\">\n\t\t\t<h2 class=\"elementor-heading-title elementor-size-default\">VAT:<\/h2>\t\t<\/div>\n\t\t\t\t<\/div>\n\t\t\t\t<div class=\"elementor-element elementor-element-4b35549 elementor-widget elementor-widget-text-editor\" data-id=\"4b35549\" data-element_type=\"widget\" data-widget_type=\"text-editor.default\">\n\t\t\t\t<div class=\"elementor-widget-container\">\n\t\t\t\t\t\t\t<p>VAT Id number according to Sec. 27 a German Value <br \/>Added Tax Act:<br \/>DE 276583267<\/p>\n\t\t\t\t\t\t<\/div>\n\t\t\t\t<\/div>\n\t\t\t\t<div class=\"elementor-element elementor-element-31abda3 elementor-widget elementor-widget-heading\" data-id=\"31abda3\" data-element_type=\"widget\" data-widget_type=\"heading.default\">\n\t\t\t\t<div class=\"elementor-widget-container\">\n\t\t\t<h2 class=\"elementor-heading-title elementor-size-default\">Dispute resolution<\/h2>\t\t<\/div>\n\t\t\t\t<\/div>\n\t\t\t\t<div class=\"elementor-element elementor-element-817bc0b elementor-widget elementor-widget-text-editor\" data-id=\"817bc0b\" data-element_type=\"widget\" data-widget_type=\"text-editor.default\">\n\t\t\t\t<div class=\"elementor-widget-container\">\n\t\t\t\t\t\t\t<p>We do not take part in online dispute resolutions at consumer arbitration boards.<\/p>\n<p class=\"bodytext\"><strong>&#8220;Krones&#8221; is a trademark of Krones AG.<br \/>There is no connection to RENNER Etikettiertechnik GmbH.<\/strong><\/p>\n<\/p>\n<p class=\"bodytext\"><strong>Liability for Contents<\/strong><\/p>\n<p class=\"bodytext\">As service providers, we are liable for own contents of these websites according to Sec. 7, paragraph 1 German Telemedia Act (TMG). However, according to Sec. 8 to 10 German Telemedia Act (TMG), service providers are not obligated to permanently monitor submitted or stored information or to search for evidences that indicate illegal activities.<\/p>\n<p class=\"bodytext\">Legal obligations to removing information or to blocking the use of information remain unchallenged. In this case, liability is only possible at the time of knowledge about a specific violation of law. Illegal contents will be removed immediately at the time we get knowledge of them.<\/p>\n<p class=\"bodytext\">\n<p class=\"bodytext\"><strong>Liability for Links<\/strong><\/p>\n<p class=\"bodytext\">Our offer includes links to external third party websites. We have no influence on the contents of those websites, therefore we cannot guarantee for those contents. Providers or administrators of linked websites are always responsible for their own contents. The linked websites had been checked for possible violations of law at the time of the establishment of the link. Illegal contents were not detected at the time of the linking.<\/p>\n<p class=\"bodytext\">A permanent monitoring of the contents of linked websites cannot be imposed without reasonable indications that there has been a violation of law. Illegal links will be removed immediately at the time we get knowledge of them.<\/p>\n<p class=\"bodytext\">\n<p class=\"bodytext\"><strong>Copyright<\/strong><\/p>\n<p class=\"bodytext\">Contents and compilations published on these websites by the providers are subject to German copyright laws. Reproduction, editing, distribution as well as the use of any kind outside the scope of the copyright law require a written permission of the author or originator. Downloads and copies of these websites are permitted for private use only.<\/p>\n<p class=\"bodytext\">The commercial use of our contents without permission of the originator is prohibited. Copyright laws of third parties are respected as long as the contents on these websites do not originate from the provider. Contributions of third parties on this site are indicated as such. However, if you notice any violations of copyright law, please inform us. Such contents will be removed immediately.<\/p>\n\t\t\t\t\t\t<\/div>\n\t\t\t\t<\/div>\n\t\t\t\t\t<\/div>\n\t\t<\/div>\n\t\t\t\t\t<\/div>\n\t\t<\/section>\n\t\t\t\t<\/div>\n\t\t","protected":false},"excerpt":{"rendered":"<p>Site Notice Information provided according to Sec. 5 German Telemedia Act (TMG): RENNER Labelling Technology GmbHHendrik-Lorentz-Stra\u00dfe 1-589312 G\u00fcnzburg Represented by: Steffen Renner Contact Telephone: +49 (0)82 21 \/ 36 26-0Telefax: +49 (0)82 21 \/ 36 26-50E-Mail: info@renner-label.de Register entry: Entry in the Handelsregister.Registering court: Amtsgericht MemmingenRegistration number: RB 14553 VAT: VAT Id number according to [&hellip;]<\/p>\n","protected":false},"author":2,"featured_media":0,"parent":0,"menu_order":0,"comment_status":"closed","ping_status":"closed","template":"","meta":{"_acf_changed":false,"footnotes":""},"class_list":["post-7672","page","type-page","status-publish","hentry"],"acf":[],"yoast_head":"<!-- This site is optimized with the Yoast SEO plugin v26.6 - https:\/\/yoast.com\/wordpress\/plugins\/seo\/ -->\n<title>Site Notice - RENNER Etikettiertechnik<\/title>\n<meta name=\"description\" content=\"Site Notice Information provided according to Sec. 5 German Telemedia Act (TMG): RENNER Labelling Technology GmbHHendrik-Lorentz-Stra\u00dfe 1-589312 G\u00fcnzburg\" \/>\n<meta name=\"robots\" content=\"index, follow, max-snippet:-1, max-image-preview:large, max-video-preview:-1\" \/>\n<link rel=\"canonical\" href=\"https:\/\/www.renner-label.de\/en\/site-notice\/\" \/>\n<meta property=\"og:locale\" content=\"en_US\" \/>\n<meta property=\"og:type\" content=\"article\" \/>\n<meta property=\"og:title\" content=\"Site Notice - RENNER Etikettiertechnik\" \/>\n<meta property=\"og:description\" content=\"Site Notice Information provided according to Sec. 5 German Telemedia Act (TMG): RENNER Labelling Technology GmbHHendrik-Lorentz-Stra\u00dfe 1-589312 G\u00fcnzburg\" \/>\n<meta property=\"og:url\" content=\"https:\/\/www.renner-label.de\/en\/site-notice\/\" \/>\n<meta property=\"og:site_name\" content=\"RENNER Etikettiertechnik\" \/>\n<meta property=\"article:modified_time\" content=\"2022-09-09T09:50:42+00:00\" \/>\n<meta property=\"og:image\" content=\"https:\/\/www.renner-label.de\/wp-content\/uploads\/2022\/01\/opengraph.jpg\" \/>\n\t<meta property=\"og:image:width\" content=\"1200\" \/>\n\t<meta property=\"og:image:height\" content=\"630\" \/>\n\t<meta property=\"og:image:type\" content=\"image\/jpeg\" \/>\n<meta name=\"twitter:card\" content=\"summary_large_image\" \/>\n<meta name=\"twitter:label1\" content=\"Est. reading time\" \/>\n\t<meta name=\"twitter:data1\" content=\"2 minutes\" \/>\n<script type=\"application\/ld+json\" class=\"yoast-schema-graph\">{\"@context\":\"https:\/\/schema.org\",\"@graph\":[{\"@type\":\"WebPage\",\"@id\":\"https:\/\/www.renner-label.de\/en\/site-notice\/\",\"url\":\"https:\/\/www.renner-label.de\/en\/site-notice\/\",\"name\":\"Site Notice - RENNER Etikettiertechnik\",\"isPartOf\":{\"@id\":\"https:\/\/www.renner-label.de\/#website\"},\"datePublished\":\"2021-11-04T15:24:10+00:00\",\"dateModified\":\"2022-09-09T09:50:42+00:00\",\"description\":\"Site Notice Information provided according to Sec. 5 German Telemedia Act (TMG): RENNER Labelling Technology GmbHHendrik-Lorentz-Stra\u00dfe 1-589312 G\u00fcnzburg\",\"breadcrumb\":{\"@id\":\"https:\/\/www.renner-label.de\/en\/site-notice\/#breadcrumb\"},\"inLanguage\":\"en-US\",\"potentialAction\":[{\"@type\":\"ReadAction\",\"target\":[\"https:\/\/www.renner-label.de\/en\/site-notice\/\"]}]},{\"@type\":\"BreadcrumbList\",\"@id\":\"https:\/\/www.renner-label.de\/en\/site-notice\/#breadcrumb\",\"itemListElement\":[{\"@type\":\"ListItem\",\"position\":1,\"name\":\"Startseite\",\"item\":\"https:\/\/www.renner-label.de\/en\/renner-etikettiertechnik-professionelle-etikettier-loesungen-fuer-die-getraenke-und-nahrungsmittelindustrie\/\"},{\"@type\":\"ListItem\",\"position\":2,\"name\":\"Site Notice\"}]},{\"@type\":\"WebSite\",\"@id\":\"https:\/\/www.renner-label.de\/#website\",\"url\":\"https:\/\/www.renner-label.de\/\",\"name\":\"RENNER Etikettiertechnik\",\"description\":\"Professionelle Etikettier-L\u00f6sungen f\u00fcr die Getr\u00e4nke- und Nahrungsmittelindustrie\",\"publisher\":{\"@id\":\"https:\/\/www.renner-label.de\/#organization\"},\"potentialAction\":[{\"@type\":\"SearchAction\",\"target\":{\"@type\":\"EntryPoint\",\"urlTemplate\":\"https:\/\/www.renner-label.de\/?s={search_term_string}\"},\"query-input\":{\"@type\":\"PropertyValueSpecification\",\"valueRequired\":true,\"valueName\":\"search_term_string\"}}],\"inLanguage\":\"en-US\"},{\"@type\":\"Organization\",\"@id\":\"https:\/\/www.renner-label.de\/#organization\",\"name\":\"RENNER Etikettiertechnik\",\"url\":\"https:\/\/www.renner-label.de\/\",\"logo\":{\"@type\":\"ImageObject\",\"inLanguage\":\"en-US\",\"@id\":\"https:\/\/www.renner-label.de\/#\/schema\/logo\/image\/\",\"url\":\"https:\/\/www.renner-label.de\/wp-content\/uploads\/2021\/11\/renner-labelling-machines-logo.svg\",\"contentUrl\":\"https:\/\/www.renner-label.de\/wp-content\/uploads\/2021\/11\/renner-labelling-machines-logo.svg\",\"width\":1735,\"height\":1227,\"caption\":\"RENNER Etikettiertechnik\"},\"image\":{\"@id\":\"https:\/\/www.renner-label.de\/#\/schema\/logo\/image\/\"},\"sameAs\":[\"https:\/\/de.linkedin.com\/company\/renner-etikettiertechnik\"]}]}<\/script>\n<!-- \/ Yoast SEO plugin. -->","yoast_head_json":{"title":"Site Notice - RENNER Etikettiertechnik","description":"Site Notice Information provided according to Sec. 5 German Telemedia Act (TMG): RENNER Labelling Technology GmbHHendrik-Lorentz-Stra\u00dfe 1-589312 G\u00fcnzburg","robots":{"index":"index","follow":"follow","max-snippet":"max-snippet:-1","max-image-preview":"max-image-preview:large","max-video-preview":"max-video-preview:-1"},"canonical":"https:\/\/www.renner-label.de\/en\/site-notice\/","og_locale":"en_US","og_type":"article","og_title":"Site Notice - RENNER Etikettiertechnik","og_description":"Site Notice Information provided according to Sec. 5 German Telemedia Act (TMG): RENNER Labelling Technology GmbHHendrik-Lorentz-Stra\u00dfe 1-589312 G\u00fcnzburg","og_url":"https:\/\/www.renner-label.de\/en\/site-notice\/","og_site_name":"RENNER Etikettiertechnik","article_modified_time":"2022-09-09T09:50:42+00:00","og_image":[{"width":1200,"height":630,"url":"https:\/\/www.renner-label.de\/wp-content\/uploads\/2022\/01\/opengraph.jpg","type":"image\/jpeg"}],"twitter_card":"summary_large_image","twitter_misc":{"Est. reading time":"2 minutes"},"schema":{"@context":"https:\/\/schema.org","@graph":[{"@type":"WebPage","@id":"https:\/\/www.renner-label.de\/en\/site-notice\/","url":"https:\/\/www.renner-label.de\/en\/site-notice\/","name":"Site Notice - RENNER Etikettiertechnik","isPartOf":{"@id":"https:\/\/www.renner-label.de\/#website"},"datePublished":"2021-11-04T15:24:10+00:00","dateModified":"2022-09-09T09:50:42+00:00","description":"Site Notice Information provided according to Sec. 5 German Telemedia Act (TMG): RENNER Labelling Technology GmbHHendrik-Lorentz-Stra\u00dfe 1-589312 G\u00fcnzburg","breadcrumb":{"@id":"https:\/\/www.renner-label.de\/en\/site-notice\/#breadcrumb"},"inLanguage":"en-US","potentialAction":[{"@type":"ReadAction","target":["https:\/\/www.renner-label.de\/en\/site-notice\/"]}]},{"@type":"BreadcrumbList","@id":"https:\/\/www.renner-label.de\/en\/site-notice\/#breadcrumb","itemListElement":[{"@type":"ListItem","position":1,"name":"Startseite","item":"https:\/\/www.renner-label.de\/en\/renner-etikettiertechnik-professionelle-etikettier-loesungen-fuer-die-getraenke-und-nahrungsmittelindustrie\/"},{"@type":"ListItem","position":2,"name":"Site Notice"}]},{"@type":"WebSite","@id":"https:\/\/www.renner-label.de\/#website","url":"https:\/\/www.renner-label.de\/","name":"RENNER Etikettiertechnik","description":"Professionelle Etikettier-L\u00f6sungen f\u00fcr die Getr\u00e4nke- und Nahrungsmittelindustrie","publisher":{"@id":"https:\/\/www.renner-label.de\/#organization"},"potentialAction":[{"@type":"SearchAction","target":{"@type":"EntryPoint","urlTemplate":"https:\/\/www.renner-label.de\/?s={search_term_string}"},"query-input":{"@type":"PropertyValueSpecification","valueRequired":true,"valueName":"search_term_string"}}],"inLanguage":"en-US"},{"@type":"Organization","@id":"https:\/\/www.renner-label.de\/#organization","name":"RENNER Etikettiertechnik","url":"https:\/\/www.renner-label.de\/","logo":{"@type":"ImageObject","inLanguage":"en-US","@id":"https:\/\/www.renner-label.de\/#\/schema\/logo\/image\/","url":"https:\/\/www.renner-label.de\/wp-content\/uploads\/2021\/11\/renner-labelling-machines-logo.svg","contentUrl":"https:\/\/www.renner-label.de\/wp-content\/uploads\/2021\/11\/renner-labelling-machines-logo.svg","width":1735,"height":1227,"caption":"RENNER Etikettiertechnik"},"image":{"@id":"https:\/\/www.renner-label.de\/#\/schema\/logo\/image\/"},"sameAs":["https:\/\/de.linkedin.com\/company\/renner-etikettiertechnik"]}]}},"_links":{"self":[{"href":"https:\/\/www.renner-label.de\/en\/wp-json\/wp\/v2\/pages\/7672","targetHints":{"allow":["GET"]}}],"collection":[{"href":"https:\/\/www.renner-label.de\/en\/wp-json\/wp\/v2\/pages"}],"about":[{"href":"https:\/\/www.renner-label.de\/en\/wp-json\/wp\/v2\/types\/page"}],"author":[{"embeddable":true,"href":"https:\/\/www.renner-label.de\/en\/wp-json\/wp\/v2\/users\/2"}],"replies":[{"embeddable":true,"href":"https:\/\/www.renner-label.de\/en\/wp-json\/wp\/v2\/comments?post=7672"}],"version-history":[{"count":0,"href":"https:\/\/www.renner-label.de\/en\/wp-json\/wp\/v2\/pages\/7672\/revisions"}],"wp:attachment":[{"href":"https:\/\/www.renner-label.de\/en\/wp-json\/wp\/v2\/media?parent=7672"}],"curies":[{"name":"wp","href":"https:\/\/api.w.org\/{rel}","templated":true}]}}