{"id":7047,"date":"2022-07-18T10:42:42","date_gmt":"2022-07-18T08:42:42","guid":{"rendered":"https:\/\/rennerlabel.agentur360-preview.de\/solutions-pour-les-krones\/revision-interne\/"},"modified":"2022-09-12T11:37:23","modified_gmt":"2022-09-12T09:37:23","slug":"revision-interne","status":"publish","type":"page","link":"https:\/\/www.renner-label.de\/fr\/solutions-pour-les-krones\/revision-interne\/","title":{"rendered":"R\u00e9vision interne"},"content":{"rendered":"\t\t<div data-elementor-type=\"wp-page\" data-elementor-id=\"7047\" class=\"elementor elementor-7047\" data-elementor-post-type=\"page\">\n\t\t\t\t\t\t<section class=\"elementor-section elementor-top-section elementor-element elementor-element-0cd77b6 elementor-section-full_width elementor-section-content-middle elementor-section-height-min-height elementor-section-items-stretch elementor-section-height-default\" data-id=\"0cd77b6\" data-element_type=\"section\">\n\t\t\t\t\t\t<div class=\"elementor-container elementor-column-gap-wider\">\n\t\t\t\t\t<div class=\"elementor-column elementor-col-50 elementor-top-column elementor-element elementor-element-dd4a37e\" data-id=\"dd4a37e\" data-element_type=\"column\" data-settings=\"{&quot;background_background&quot;:&quot;classic&quot;}\">\n\t\t\t<div class=\"elementor-widget-wrap elementor-element-populated\">\n\t\t\t\t\t\t<div class=\"elementor-element elementor-element-947d248 elementor-invisible elementor-widget elementor-widget-heading\" data-id=\"947d248\" data-element_type=\"widget\" data-settings=\"{&quot;_animation&quot;:&quot;fadeInLeft&quot;}\" data-widget_type=\"heading.default\">\n\t\t\t\t<div class=\"elementor-widget-container\">\n\t\t\t<span class=\"elementor-heading-title elementor-size-default\">R\u00c9VISION INTERNE<\/span>\t\t<\/div>\n\t\t\t\t<\/div>\n\t\t\t\t<div class=\"elementor-element elementor-element-341f8cf elementor-invisible elementor-widget elementor-widget-heading\" data-id=\"341f8cf\" data-element_type=\"widget\" data-settings=\"{&quot;_animation&quot;:&quot;fadeInLeft&quot;}\" data-widget_type=\"heading.default\">\n\t\t\t\t<div class=\"elementor-widget-container\">\n\t\t\t<h1 class=\"elementor-heading-title elementor-size-default\">Prolonger la dur\u00e9e de vie, r\u00e9duire les co\u00fbts.<\/h1>\t\t<\/div>\n\t\t\t\t<\/div>\n\t\t\t\t<div class=\"elementor-element elementor-element-18ff617 elementor-invisible elementor-widget elementor-widget-text-editor\" data-id=\"18ff617\" data-element_type=\"widget\" data-settings=\"{&quot;_animation&quot;:&quot;fadeInLeft&quot;}\" data-widget_type=\"text-editor.default\">\n\t\t\t\t<div class=\"elementor-widget-container\">\n\t\t\t\t\t\t\t<p class=\"p1\">Souhaitez-vous \u00e9viter les temps d\u2019arr\u00eat de production impr\u00e9vus ou mettre en \u0153uvre de nouvelles exigences? Dans le cadre d\u2019une <b>r\u00e9vision interne<\/b>, nos techniciens de service analysent les pi\u00e8ces us\u00e9es de votre \u00e9tiqueteuse sur place et les envoient \u00e0 notre atelier sp\u00e9cial si n\u00e9cessaire. Par la suite, les assemblages r\u00e9vis\u00e9s et les composants renouvel\u00e9s sont r\u00e9install\u00e9s et mis en service. Si n\u00e9cessaire, nous r\u00e9visons \u00e9galement l\u2019ensemble de la machine.<\/p>\n<p class=\"p1\">Le r\u00e9sultat de la r\u00e9vision compl\u00e8te et experte: une <b>dur\u00e9e de vie plus longue<\/b> et une <b>facilit\u00e9 d\u2019utilisation rentable<\/b> de votre \u00e9tiqueteuse.<\/p>\n<ul class=\"ul1\">\n<li class=\"li1\">R\u00e9vision d\u2019agr\u00e9gats, de cylindres de pr\u00e9hension ou de conteneurs \u00e0 cha\u00eene<\/li>\n<li class=\"li1\">R\u00e9paration et remplacement de pi\u00e8ces d\u2019usure<\/li>\n<li class=\"li1\">Nouvelles pi\u00e8ces de guidage de bouteille et jeux d\u2019\u00e9tiquettes<\/li>\n<li class=\"li1\">Mise en service experte par nos techniciens de service<\/li>\n<\/ul>\n\t\t\t\t\t\t<\/div>\n\t\t\t\t<\/div>\n\t\t\t\t<div class=\"elementor-element elementor-element-69ac8a8 elementor-align-left elementor-widget__width-auto elementor-absolute elementor-invisible elementor-widget elementor-widget-lottie\" data-id=\"69ac8a8\" data-element_type=\"widget\" data-settings=\"{&quot;source_json&quot;:{&quot;url&quot;:&quot;https:\\\/\\\/www.renner-label.de\\\/wp-content\\\/uploads\\\/2021\\\/11\\\/lf30_editor_rq04drmz.json&quot;,&quot;id&quot;:855,&quot;size&quot;:&quot;&quot;,&quot;alt&quot;:&quot;&quot;,&quot;source&quot;:&quot;library&quot;},&quot;link_to&quot;:&quot;custom&quot;,&quot;custom_link&quot;:{&quot;url&quot;:&quot;#inhouse&quot;,&quot;is_external&quot;:&quot;&quot;,&quot;nofollow&quot;:&quot;&quot;,&quot;custom_attributes&quot;:&quot;&quot;},&quot;loop&quot;:&quot;yes&quot;,&quot;play_speed&quot;:{&quot;unit&quot;:&quot;px&quot;,&quot;size&quot;:1.5,&quot;sizes&quot;:[]},&quot;_animation&quot;:&quot;fadeIn&quot;,&quot;_animation_delay&quot;:600,&quot;_position&quot;:&quot;absolute&quot;,&quot;source&quot;:&quot;media_file&quot;,&quot;caption_source&quot;:&quot;none&quot;,&quot;trigger&quot;:&quot;arriving_to_viewport&quot;,&quot;viewport&quot;:{&quot;unit&quot;:&quot;%&quot;,&quot;size&quot;:&quot;&quot;,&quot;sizes&quot;:{&quot;start&quot;:0,&quot;end&quot;:100}},&quot;start_point&quot;:{&quot;unit&quot;:&quot;%&quot;,&quot;size&quot;:0,&quot;sizes&quot;:[]},&quot;end_point&quot;:{&quot;unit&quot;:&quot;%&quot;,&quot;size&quot;:100,&quot;sizes&quot;:[]},&quot;renderer&quot;:&quot;svg&quot;}\" data-widget_type=\"lottie.default\">\n\t\t\t\t<div class=\"elementor-widget-container\">\n\t\t\t<a class=\"e-lottie__container__link\" href=\"#inhouse\"><div class=\"e-lottie__container\"><div class=\"e-lottie__animation\"><\/div><\/div><\/a>\t\t<\/div>\n\t\t\t\t<\/div>\n\t\t\t\t\t<\/div>\n\t\t<\/div>\n\t\t\t\t<div class=\"elementor-column elementor-col-50 elementor-top-column elementor-element elementor-element-5c70b85\" data-id=\"5c70b85\" data-element_type=\"column\" data-settings=\"{&quot;background_background&quot;:&quot;slideshow&quot;,&quot;background_slideshow_gallery&quot;:[{&quot;id&quot;:4878,&quot;url&quot;:&quot;https:\\\/\\\/www.renner-label.de\\\/wp-content\\\/uploads\\\/2022\\\/08\\\/inhouse_ueberholung_2.jpg&quot;},{&quot;id&quot;:4879,&quot;url&quot;:&quot;https:\\\/\\\/www.renner-label.de\\\/wp-content\\\/uploads\\\/2022\\\/08\\\/inhouse_ueberholung_1.jpg&quot;}],&quot;background_slideshow_loop&quot;:&quot;yes&quot;,&quot;background_slideshow_slide_duration&quot;:5000,&quot;background_slideshow_slide_transition&quot;:&quot;fade&quot;,&quot;background_slideshow_transition_duration&quot;:500}\">\n\t\t\t<div class=\"elementor-widget-wrap elementor-element-populated\">\n\t\t\t\t\t\t<div class=\"elementor-element elementor-element-acb92f3 elementor-widget elementor-widget-spacer\" data-id=\"acb92f3\" data-element_type=\"widget\" data-widget_type=\"spacer.default\">\n\t\t\t\t<div class=\"elementor-widget-container\">\n\t\t\t\t\t<div class=\"elementor-spacer\">\n\t\t\t<div class=\"elementor-spacer-inner\"><\/div>\n\t\t<\/div>\n\t\t\t\t<\/div>\n\t\t\t\t<\/div>\n\t\t\t\t\t<\/div>\n\t\t<\/div>\n\t\t\t\t\t<\/div>\n\t\t<\/section>\n\t\t\t\t<section class=\"elementor-section elementor-top-section elementor-element elementor-element-dcd9732 elementor-section-content-middle elementor-section-boxed elementor-section-height-default elementor-section-height-default\" data-id=\"dcd9732\" data-element_type=\"section\" id=\"inhouse\">\n\t\t\t\t\t\t<div class=\"elementor-container elementor-column-gap-wider\">\n\t\t\t\t\t<div class=\"elementor-column elementor-col-50 elementor-top-column elementor-element elementor-element-874e3a1 elementor-invisible\" data-id=\"874e3a1\" data-element_type=\"column\" data-settings=\"{&quot;animation&quot;:&quot;fadeInLeft&quot;}\">\n\t\t\t<div class=\"elementor-widget-wrap elementor-element-populated\">\n\t\t\t\t\t\t<div class=\"elementor-element elementor-element-65f134e elementor-widget elementor-widget-heading\" data-id=\"65f134e\" data-element_type=\"widget\" data-widget_type=\"heading.default\">\n\t\t\t\t<div class=\"elementor-widget-container\">\n\t\t\t<h3 class=\"elementor-heading-title elementor-size-default\">Vos avantages<\/h3>\t\t<\/div>\n\t\t\t\t<\/div>\n\t\t\t\t<div class=\"elementor-element elementor-element-0c49992 elementor-widget-divider--view-line elementor-widget elementor-widget-divider\" data-id=\"0c49992\" data-element_type=\"widget\" data-widget_type=\"divider.default\">\n\t\t\t\t<div class=\"elementor-widget-container\">\n\t\t\t\t\t<div class=\"elementor-divider\">\n\t\t\t<span class=\"elementor-divider-separator\">\n\t\t\t\t\t\t<\/span>\n\t\t<\/div>\n\t\t\t\t<\/div>\n\t\t\t\t<\/div>\n\t\t\t\t<div class=\"elementor-element elementor-element-53d3621 elementor-align-left elementor-icon-list--layout-traditional elementor-list-item-link-full_width elementor-widget elementor-widget-icon-list\" data-id=\"53d3621\" data-element_type=\"widget\" data-widget_type=\"icon-list.default\">\n\t\t\t\t<div class=\"elementor-widget-container\">\n\t\t\t\t\t<ul class=\"elementor-icon-list-items\">\n\t\t\t\t\t\t\t<li class=\"elementor-icon-list-item\">\n\t\t\t\t\t\t\t\t\t\t\t<span class=\"elementor-icon-list-icon\">\n\t\t\t\t\t\t\t<i aria-hidden=\"true\" class=\"fas fa-angle-right\"><\/i>\t\t\t\t\t\t<\/span>\n\t\t\t\t\t\t\t\t\t\t<span class=\"elementor-icon-list-text\">\u00c9vitez les temps d\u2019arr\u00eat de production impr\u00e9vus<\/span>\n\t\t\t\t\t\t\t\t\t<\/li>\n\t\t\t\t\t\t\t\t<li class=\"elementor-icon-list-item\">\n\t\t\t\t\t\t\t\t\t\t\t<span class=\"elementor-icon-list-icon\">\n\t\t\t\t\t\t\t<i aria-hidden=\"true\" class=\"fas fa-angle-right\"><\/i>\t\t\t\t\t\t<\/span>\n\t\t\t\t\t\t\t\t\t\t<span class=\"elementor-icon-list-text\">Conservation de la valeur pour la r\u00e9utilisation ou la vente<\/span>\n\t\t\t\t\t\t\t\t\t<\/li>\n\t\t\t\t\t\t\t\t<li class=\"elementor-icon-list-item\">\n\t\t\t\t\t\t\t\t\t\t\t<span class=\"elementor-icon-list-icon\">\n\t\t\t\t\t\t\t<i aria-hidden=\"true\" class=\"fas fa-angle-right\"><\/i>\t\t\t\t\t\t<\/span>\n\t\t\t\t\t\t\t\t\t\t<span class=\"elementor-icon-list-text\">Pr\u00e9paration technique des nouvelles exigences<\/span>\n\t\t\t\t\t\t\t\t\t<\/li>\n\t\t\t\t\t\t\t\t<li class=\"elementor-icon-list-item\">\n\t\t\t\t\t\t\t\t\t\t\t<span class=\"elementor-icon-list-icon\">\n\t\t\t\t\t\t\t<i aria-hidden=\"true\" class=\"fas fa-angle-right\"><\/i>\t\t\t\t\t\t<\/span>\n\t\t\t\t\t\t\t\t\t\t<span class=\"elementor-icon-list-text\">Utilisation rentable des techniciens de service<\/span>\n\t\t\t\t\t\t\t\t\t<\/li>\n\t\t\t\t\t\t\t\t<li class=\"elementor-icon-list-item\">\n\t\t\t\t\t\t\t\t\t\t\t<span class=\"elementor-icon-list-icon\">\n\t\t\t\t\t\t\t<i aria-hidden=\"true\" class=\"fas fa-angle-right\"><\/i>\t\t\t\t\t\t<\/span>\n\t\t\t\t\t\t\t\t\t\t<span class=\"elementor-icon-list-text\">Haute qualit\u00e9 et pr\u00e9cision<\/span>\n\t\t\t\t\t\t\t\t\t<\/li>\n\t\t\t\t\t\t<\/ul>\n\t\t\t\t<\/div>\n\t\t\t\t<\/div>\n\t\t\t\t\t<\/div>\n\t\t<\/div>\n\t\t\t\t<div class=\"elementor-column elementor-col-50 elementor-top-column elementor-element elementor-element-ecdc1ca elementor-invisible\" data-id=\"ecdc1ca\" data-element_type=\"column\" data-settings=\"{&quot;animation&quot;:&quot;fadeInRight&quot;}\">\n\t\t\t<div class=\"elementor-widget-wrap elementor-element-populated\">\n\t\t\t\t\t\t<div class=\"elementor-element elementor-element-c1a9fb3 elementor-pagination-position-outside elementor-invisible elementor-widget elementor-widget-image-carousel\" data-id=\"c1a9fb3\" data-element_type=\"widget\" data-settings=\"{&quot;slides_to_show&quot;:&quot;1&quot;,&quot;navigation&quot;:&quot;dots&quot;,&quot;autoplay_speed&quot;:3000,&quot;_animation&quot;:&quot;fadeInRight&quot;,&quot;autoplay&quot;:&quot;yes&quot;,&quot;pause_on_hover&quot;:&quot;yes&quot;,&quot;pause_on_interaction&quot;:&quot;yes&quot;,&quot;infinite&quot;:&quot;yes&quot;,&quot;effect&quot;:&quot;slide&quot;,&quot;speed&quot;:500}\" data-widget_type=\"image-carousel.default\">\n\t\t\t\t<div class=\"elementor-widget-container\">\n\t\t\t\t\t<div class=\"elementor-image-carousel-wrapper swiper\" dir=\"ltr\">\n\t\t\t<div class=\"elementor-image-carousel swiper-wrapper swiper-image-stretch\" aria-live=\"off\">\n\t\t\t\t\t\t\t\t<div class=\"swiper-slide\" role=\"group\" aria-roledescription=\"slide\" aria-label=\"1 sur 3\"><figure class=\"swiper-slide-inner\"><img decoding=\"async\" class=\"swiper-slide-image\" src=\"https:\/\/www.renner-label.de\/wp-content\/uploads\/2022\/08\/inhouse_ueberholungen_1-1024x604.jpg\" alt=\"inhouse_ueberholungen_1\" \/><\/figure><\/div><div class=\"swiper-slide\" role=\"group\" aria-roledescription=\"slide\" aria-label=\"2 sur 3\"><figure class=\"swiper-slide-inner\"><img decoding=\"async\" class=\"swiper-slide-image\" src=\"https:\/\/www.renner-label.de\/wp-content\/uploads\/2022\/08\/inhouse_ueberholungen_2-1024x601.jpg\" alt=\"inhouse_ueberholungen_2\" \/><\/figure><\/div><div class=\"swiper-slide\" role=\"group\" aria-roledescription=\"slide\" aria-label=\"3 sur 3\"><figure class=\"swiper-slide-inner\"><img decoding=\"async\" class=\"swiper-slide-image\" src=\"https:\/\/www.renner-label.de\/wp-content\/uploads\/2022\/08\/inhouse-ueberholung_3-1024x610.jpg\" alt=\"inhouse-ueberholung_3\" \/><\/figure><\/div>\t\t\t<\/div>\n\t\t\t\t\t\t\t\n\t\t\t\t\t\t\t\t\t<div class=\"swiper-pagination\"><\/div>\n\t\t\t\t\t\t\t\t\t<\/div>\n\t\t\t\t<\/div>\n\t\t\t\t<\/div>\n\t\t\t\t\t<\/div>\n\t\t<\/div>\n\t\t\t\t\t<\/div>\n\t\t<\/section>\n\t\t\t\t<section class=\"elementor-section elementor-top-section elementor-element elementor-element-b178958 elementor-section-content-middle elementor-section-boxed elementor-section-height-default elementor-section-height-default\" data-id=\"b178958\" data-element_type=\"section\">\n\t\t\t\t\t\t<div class=\"elementor-container elementor-column-gap-wider\">\n\t\t\t\t\t<div class=\"elementor-column elementor-col-100 elementor-top-column elementor-element elementor-element-bc46b51\" data-id=\"bc46b51\" data-element_type=\"column\">\n\t\t\t<div class=\"elementor-widget-wrap elementor-element-populated\">\n\t\t\t\t\t\t<div class=\"elementor-element elementor-element-44e13e9 elementor-widget elementor-widget-text-editor\" data-id=\"44e13e9\" data-element_type=\"widget\" data-widget_type=\"text-editor.default\">\n\t\t\t\t<div class=\"elementor-widget-container\">\n\t\t\t\t\t\t\t<p class=\"p1\" style=\"margin-right: 0px; margin-bottom: 6px; margin-left: 0px; font-variant-numeric: normal; font-variant-east-asian: normal; font-stretch: normal; font-size: 11px; line-height: normal; font-family: Arial;\">Krones est une marque d\u00e9pos\u00e9e et il n\u2019y a aucun lien avec Krones AG.<\/p>\n\t\t\t\t\t\t<\/div>\n\t\t\t\t<\/div>\n\t\t\t\t\t<\/div>\n\t\t<\/div>\n\t\t\t\t\t<\/div>\n\t\t<\/section>\n\t\t\t\t<\/div>\n\t\t","protected":false},"excerpt":{"rendered":"<p>R\u00c9VISION INTERNE Prolonger la dur\u00e9e de vie, r\u00e9duire les co\u00fbts. Souhaitez-vous \u00e9viter les temps d\u2019arr\u00eat de production impr\u00e9vus ou mettre en \u0153uvre de nouvelles exigences? Dans le cadre d\u2019une r\u00e9vision interne, nos techniciens de service analysent les pi\u00e8ces us\u00e9es de votre \u00e9tiqueteuse sur place et les envoient \u00e0 notre atelier sp\u00e9cial si n\u00e9cessaire. Par la [&hellip;]<\/p>\n","protected":false},"author":2,"featured_media":0,"parent":7045,"menu_order":0,"comment_status":"closed","ping_status":"closed","template":"","meta":{"_acf_changed":false,"footnotes":""},"class_list":["post-7047","page","type-page","status-publish","hentry"],"acf":[],"yoast_head":"<!-- This site is optimized with the Yoast SEO plugin v26.6 - https:\/\/yoast.com\/wordpress\/plugins\/seo\/ -->\n<title>R\u00e9vision interne - RENNER Etikettiertechnik<\/title>\n<meta name=\"description\" content=\"R\u00c9VISION INTERNE Prolonger la dur\u00e9e de vie, r\u00e9duire les co\u00fbts. Souhaitez-vous \u00e9viter les temps d\u2019arr\u00eat de production impr\u00e9vus ou mettre en \u0153uvre de\" \/>\n<meta name=\"robots\" content=\"index, follow, max-snippet:-1, max-image-preview:large, max-video-preview:-1\" \/>\n<link rel=\"canonical\" href=\"https:\/\/www.renner-label.de\/fr\/solutions-pour-les-krones\/revision-interne\/\" \/>\n<meta property=\"og:locale\" content=\"fr_FR\" \/>\n<meta property=\"og:type\" content=\"article\" \/>\n<meta property=\"og:title\" content=\"R\u00e9vision interne - RENNER Etikettiertechnik\" \/>\n<meta property=\"og:description\" content=\"R\u00c9VISION INTERNE Prolonger la dur\u00e9e de vie, r\u00e9duire les co\u00fbts. Souhaitez-vous \u00e9viter les temps d\u2019arr\u00eat de production impr\u00e9vus ou mettre en \u0153uvre de\" \/>\n<meta property=\"og:url\" content=\"https:\/\/www.renner-label.de\/fr\/solutions-pour-les-krones\/revision-interne\/\" \/>\n<meta property=\"og:site_name\" content=\"RENNER Etikettiertechnik\" \/>\n<meta property=\"article:modified_time\" content=\"2022-09-12T09:37:23+00:00\" \/>\n<meta property=\"og:image\" content=\"https:\/\/www.renner-label.de\/wp-content\/uploads\/2022\/08\/inhouse_ueberholungen_1-1024x604.jpg\" \/>\n<meta name=\"twitter:card\" content=\"summary_large_image\" \/>\n<meta name=\"twitter:label1\" content=\"Dur\u00e9e de lecture estim\u00e9e\" \/>\n\t<meta name=\"twitter:data1\" content=\"2 minutes\" \/>\n<script type=\"application\/ld+json\" class=\"yoast-schema-graph\">{\"@context\":\"https:\/\/schema.org\",\"@graph\":[{\"@type\":\"WebPage\",\"@id\":\"https:\/\/www.renner-label.de\/fr\/solutions-pour-les-krones\/revision-interne\/\",\"url\":\"https:\/\/www.renner-label.de\/fr\/solutions-pour-les-krones\/revision-interne\/\",\"name\":\"R\u00e9vision interne - RENNER Etikettiertechnik\",\"isPartOf\":{\"@id\":\"https:\/\/www.renner-label.de\/#website\"},\"primaryImageOfPage\":{\"@id\":\"https:\/\/www.renner-label.de\/fr\/solutions-pour-les-krones\/revision-interne\/#primaryimage\"},\"image\":{\"@id\":\"https:\/\/www.renner-label.de\/fr\/solutions-pour-les-krones\/revision-interne\/#primaryimage\"},\"thumbnailUrl\":\"https:\/\/www.renner-label.de\/wp-content\/uploads\/2022\/08\/inhouse_ueberholungen_1-1024x604.jpg\",\"datePublished\":\"2022-07-18T08:42:42+00:00\",\"dateModified\":\"2022-09-12T09:37:23+00:00\",\"description\":\"R\u00c9VISION INTERNE Prolonger la dur\u00e9e de vie, r\u00e9duire les co\u00fbts. Souhaitez-vous \u00e9viter les temps d\u2019arr\u00eat de production impr\u00e9vus ou mettre en \u0153uvre de\",\"breadcrumb\":{\"@id\":\"https:\/\/www.renner-label.de\/fr\/solutions-pour-les-krones\/revision-interne\/#breadcrumb\"},\"inLanguage\":\"fr-FR\",\"potentialAction\":[{\"@type\":\"ReadAction\",\"target\":[\"https:\/\/www.renner-label.de\/fr\/solutions-pour-les-krones\/revision-interne\/\"]}]},{\"@type\":\"ImageObject\",\"inLanguage\":\"fr-FR\",\"@id\":\"https:\/\/www.renner-label.de\/fr\/solutions-pour-les-krones\/revision-interne\/#primaryimage\",\"url\":\"https:\/\/www.renner-label.de\/wp-content\/uploads\/2022\/08\/inhouse_ueberholungen_1-1024x604.jpg\",\"contentUrl\":\"https:\/\/www.renner-label.de\/wp-content\/uploads\/2022\/08\/inhouse_ueberholungen_1-1024x604.jpg\"},{\"@type\":\"BreadcrumbList\",\"@id\":\"https:\/\/www.renner-label.de\/fr\/solutions-pour-les-krones\/revision-interne\/#breadcrumb\",\"itemListElement\":[{\"@type\":\"ListItem\",\"position\":1,\"name\":\"Startseite\",\"item\":\"https:\/\/www.renner-label.de\/fr\/renner-etikettiertechnik-professionelle-etikettier-loesungen-fuer-die-getraenke-und-nahrungsmittelindustrie\/\"},{\"@type\":\"ListItem\",\"position\":2,\"name\":\"Solution pour les Kornes\",\"item\":\"https:\/\/www.renner-label.de\/fr\/solutions-pour-les-krones\/\"},{\"@type\":\"ListItem\",\"position\":3,\"name\":\"R\u00e9vision interne\"}]},{\"@type\":\"WebSite\",\"@id\":\"https:\/\/www.renner-label.de\/#website\",\"url\":\"https:\/\/www.renner-label.de\/\",\"name\":\"RENNER Etikettiertechnik\",\"description\":\"Professionelle Etikettier-L\u00f6sungen f\u00fcr die Getr\u00e4nke- und Nahrungsmittelindustrie\",\"publisher\":{\"@id\":\"https:\/\/www.renner-label.de\/#organization\"},\"potentialAction\":[{\"@type\":\"SearchAction\",\"target\":{\"@type\":\"EntryPoint\",\"urlTemplate\":\"https:\/\/www.renner-label.de\/?s={search_term_string}\"},\"query-input\":{\"@type\":\"PropertyValueSpecification\",\"valueRequired\":true,\"valueName\":\"search_term_string\"}}],\"inLanguage\":\"fr-FR\"},{\"@type\":\"Organization\",\"@id\":\"https:\/\/www.renner-label.de\/#organization\",\"name\":\"RENNER Etikettiertechnik\",\"url\":\"https:\/\/www.renner-label.de\/\",\"logo\":{\"@type\":\"ImageObject\",\"inLanguage\":\"fr-FR\",\"@id\":\"https:\/\/www.renner-label.de\/#\/schema\/logo\/image\/\",\"url\":\"https:\/\/www.renner-label.de\/wp-content\/uploads\/2021\/11\/renner-labelling-machines-logo.svg\",\"contentUrl\":\"https:\/\/www.renner-label.de\/wp-content\/uploads\/2021\/11\/renner-labelling-machines-logo.svg\",\"width\":1735,\"height\":1227,\"caption\":\"RENNER Etikettiertechnik\"},\"image\":{\"@id\":\"https:\/\/www.renner-label.de\/#\/schema\/logo\/image\/\"},\"sameAs\":[\"https:\/\/de.linkedin.com\/company\/renner-etikettiertechnik\"]}]}<\/script>\n<!-- \/ Yoast SEO plugin. -->","yoast_head_json":{"title":"R\u00e9vision interne - RENNER Etikettiertechnik","description":"R\u00c9VISION INTERNE Prolonger la dur\u00e9e de vie, r\u00e9duire les co\u00fbts. Souhaitez-vous \u00e9viter les temps d\u2019arr\u00eat de production impr\u00e9vus ou mettre en \u0153uvre de","robots":{"index":"index","follow":"follow","max-snippet":"max-snippet:-1","max-image-preview":"max-image-preview:large","max-video-preview":"max-video-preview:-1"},"canonical":"https:\/\/www.renner-label.de\/fr\/solutions-pour-les-krones\/revision-interne\/","og_locale":"fr_FR","og_type":"article","og_title":"R\u00e9vision interne - RENNER Etikettiertechnik","og_description":"R\u00c9VISION INTERNE Prolonger la dur\u00e9e de vie, r\u00e9duire les co\u00fbts. Souhaitez-vous \u00e9viter les temps d\u2019arr\u00eat de production impr\u00e9vus ou mettre en \u0153uvre de","og_url":"https:\/\/www.renner-label.de\/fr\/solutions-pour-les-krones\/revision-interne\/","og_site_name":"RENNER Etikettiertechnik","article_modified_time":"2022-09-12T09:37:23+00:00","og_image":[{"url":"https:\/\/www.renner-label.de\/wp-content\/uploads\/2022\/08\/inhouse_ueberholungen_1-1024x604.jpg","type":"","width":"","height":""}],"twitter_card":"summary_large_image","twitter_misc":{"Dur\u00e9e de lecture estim\u00e9e":"2 minutes"},"schema":{"@context":"https:\/\/schema.org","@graph":[{"@type":"WebPage","@id":"https:\/\/www.renner-label.de\/fr\/solutions-pour-les-krones\/revision-interne\/","url":"https:\/\/www.renner-label.de\/fr\/solutions-pour-les-krones\/revision-interne\/","name":"R\u00e9vision interne - RENNER Etikettiertechnik","isPartOf":{"@id":"https:\/\/www.renner-label.de\/#website"},"primaryImageOfPage":{"@id":"https:\/\/www.renner-label.de\/fr\/solutions-pour-les-krones\/revision-interne\/#primaryimage"},"image":{"@id":"https:\/\/www.renner-label.de\/fr\/solutions-pour-les-krones\/revision-interne\/#primaryimage"},"thumbnailUrl":"https:\/\/www.renner-label.de\/wp-content\/uploads\/2022\/08\/inhouse_ueberholungen_1-1024x604.jpg","datePublished":"2022-07-18T08:42:42+00:00","dateModified":"2022-09-12T09:37:23+00:00","description":"R\u00c9VISION INTERNE Prolonger la dur\u00e9e de vie, r\u00e9duire les co\u00fbts. Souhaitez-vous \u00e9viter les temps d\u2019arr\u00eat de production impr\u00e9vus ou mettre en \u0153uvre de","breadcrumb":{"@id":"https:\/\/www.renner-label.de\/fr\/solutions-pour-les-krones\/revision-interne\/#breadcrumb"},"inLanguage":"fr-FR","potentialAction":[{"@type":"ReadAction","target":["https:\/\/www.renner-label.de\/fr\/solutions-pour-les-krones\/revision-interne\/"]}]},{"@type":"ImageObject","inLanguage":"fr-FR","@id":"https:\/\/www.renner-label.de\/fr\/solutions-pour-les-krones\/revision-interne\/#primaryimage","url":"https:\/\/www.renner-label.de\/wp-content\/uploads\/2022\/08\/inhouse_ueberholungen_1-1024x604.jpg","contentUrl":"https:\/\/www.renner-label.de\/wp-content\/uploads\/2022\/08\/inhouse_ueberholungen_1-1024x604.jpg"},{"@type":"BreadcrumbList","@id":"https:\/\/www.renner-label.de\/fr\/solutions-pour-les-krones\/revision-interne\/#breadcrumb","itemListElement":[{"@type":"ListItem","position":1,"name":"Startseite","item":"https:\/\/www.renner-label.de\/fr\/renner-etikettiertechnik-professionelle-etikettier-loesungen-fuer-die-getraenke-und-nahrungsmittelindustrie\/"},{"@type":"ListItem","position":2,"name":"Solution pour les Kornes","item":"https:\/\/www.renner-label.de\/fr\/solutions-pour-les-krones\/"},{"@type":"ListItem","position":3,"name":"R\u00e9vision interne"}]},{"@type":"WebSite","@id":"https:\/\/www.renner-label.de\/#website","url":"https:\/\/www.renner-label.de\/","name":"RENNER Etikettiertechnik","description":"Professionelle Etikettier-L\u00f6sungen f\u00fcr die Getr\u00e4nke- und Nahrungsmittelindustrie","publisher":{"@id":"https:\/\/www.renner-label.de\/#organization"},"potentialAction":[{"@type":"SearchAction","target":{"@type":"EntryPoint","urlTemplate":"https:\/\/www.renner-label.de\/?s={search_term_string}"},"query-input":{"@type":"PropertyValueSpecification","valueRequired":true,"valueName":"search_term_string"}}],"inLanguage":"fr-FR"},{"@type":"Organization","@id":"https:\/\/www.renner-label.de\/#organization","name":"RENNER Etikettiertechnik","url":"https:\/\/www.renner-label.de\/","logo":{"@type":"ImageObject","inLanguage":"fr-FR","@id":"https:\/\/www.renner-label.de\/#\/schema\/logo\/image\/","url":"https:\/\/www.renner-label.de\/wp-content\/uploads\/2021\/11\/renner-labelling-machines-logo.svg","contentUrl":"https:\/\/www.renner-label.de\/wp-content\/uploads\/2021\/11\/renner-labelling-machines-logo.svg","width":1735,"height":1227,"caption":"RENNER Etikettiertechnik"},"image":{"@id":"https:\/\/www.renner-label.de\/#\/schema\/logo\/image\/"},"sameAs":["https:\/\/de.linkedin.com\/company\/renner-etikettiertechnik"]}]}},"_links":{"self":[{"href":"https:\/\/www.renner-label.de\/fr\/wp-json\/wp\/v2\/pages\/7047","targetHints":{"allow":["GET"]}}],"collection":[{"href":"https:\/\/www.renner-label.de\/fr\/wp-json\/wp\/v2\/pages"}],"about":[{"href":"https:\/\/www.renner-label.de\/fr\/wp-json\/wp\/v2\/types\/page"}],"author":[{"embeddable":true,"href":"https:\/\/www.renner-label.de\/fr\/wp-json\/wp\/v2\/users\/2"}],"replies":[{"embeddable":true,"href":"https:\/\/www.renner-label.de\/fr\/wp-json\/wp\/v2\/comments?post=7047"}],"version-history":[{"count":0,"href":"https:\/\/www.renner-label.de\/fr\/wp-json\/wp\/v2\/pages\/7047\/revisions"}],"up":[{"embeddable":true,"href":"https:\/\/www.renner-label.de\/fr\/wp-json\/wp\/v2\/pages\/7045"}],"wp:attachment":[{"href":"https:\/\/www.renner-label.de\/fr\/wp-json\/wp\/v2\/media?parent=7047"}],"curies":[{"name":"wp","href":"https:\/\/api.w.org\/{rel}","templated":true}]}}